{"id":2243,"date":"2021-01-23T16:42:40","date_gmt":"2021-01-23T15:42:40","guid":{"rendered":"http:\/\/extravina.cz\/?post_type=product&#038;p=2243"},"modified":"2021-04-06T06:47:29","modified_gmt":"2021-04-06T04:47:29","slug":"templar-tramin-0-75l-suche-6290kc-bez-dph","status":"publish","type":"product","link":"https:\/\/extravina.cz\/?product=templar-tramin-0-75l-suche-6290kc-bez-dph","title":{"rendered":"TEMPL\u00c1\u0158 Tram\u00edn 0.75l such\u00e9"},"content":{"rendered":"<p>TEMPL\u00c1\u0158 Tram\u00edn 0.75l such\u00e9<\/p>\n","protected":false},"excerpt":{"rendered":"<p>TEMPL\u00c1\u0158 Tram\u00edn 0.75l such\u00e9<\/p>\n","protected":false},"featured_media":2244,"template":"","meta":{"_et_pb_use_builder":"","_et_pb_old_content":"","_et_gb_content_width":""},"_links":{"self":[{"href":"https:\/\/extravina.cz\/index.php?rest_route=\/wp\/v2\/product\/2243"}],"collection":[{"href":"https:\/\/extravina.cz\/index.php?rest_route=\/wp\/v2\/product"}],"about":[{"href":"https:\/\/extravina.cz\/index.php?rest_route=\/wp\/v2\/types\/product"}],"wp:featuredmedia":[{"embeddable":true,"href":"https:\/\/extravina.cz\/index.php?rest_route=\/wp\/v2\/media\/2244"}],"wp:attachment":[{"href":"https:\/\/extravina.cz\/index.php?rest_route=%2Fwp%2Fv2%2Fmedia&parent=2243"}],"curies":[{"name":"wp","href":"https:\/\/api.w.org\/{rel}","templated":true}]}}