{"id":2247,"date":"2021-01-23T16:47:16","date_gmt":"2021-01-23T15:47:16","guid":{"rendered":"http:\/\/extravina.cz\/?post_type=product&#038;p=2247"},"modified":"2021-04-06T06:46:47","modified_gmt":"2021-04-06T04:46:47","slug":"templar-rulandske-bile-0-75l-suche-6290kc-bez-dph","status":"publish","type":"product","link":"https:\/\/extravina.cz\/?product=templar-rulandske-bile-0-75l-suche-6290kc-bez-dph","title":{"rendered":"TEMPL\u00c1\u0158 Rulandsk\u00e9 B\u00edl\u00e9 0.75l such\u00e9"},"content":{"rendered":"<p>TEMPL\u00c1\u0158 Rulandsk\u00e9 B\u00edl\u00e9 0.75l such\u00e9<\/p>\n","protected":false},"excerpt":{"rendered":"<p>TEMPL\u00c1\u0158 Rulandsk\u00e9 B\u00edl\u00e9 0.75l such\u00e9<\/p>\n","protected":false},"featured_media":2248,"template":"","meta":{"_et_pb_use_builder":"","_et_pb_old_content":"","_et_gb_content_width":""},"_links":{"self":[{"href":"https:\/\/extravina.cz\/index.php?rest_route=\/wp\/v2\/product\/2247"}],"collection":[{"href":"https:\/\/extravina.cz\/index.php?rest_route=\/wp\/v2\/product"}],"about":[{"href":"https:\/\/extravina.cz\/index.php?rest_route=\/wp\/v2\/types\/product"}],"wp:featuredmedia":[{"embeddable":true,"href":"https:\/\/extravina.cz\/index.php?rest_route=\/wp\/v2\/media\/2248"}],"wp:attachment":[{"href":"https:\/\/extravina.cz\/index.php?rest_route=%2Fwp%2Fv2%2Fmedia&parent=2247"}],"curies":[{"name":"wp","href":"https:\/\/api.w.org\/{rel}","templated":true}]}}