{"id":2257,"date":"2021-01-24T15:30:44","date_gmt":"2021-01-24T14:30:44","guid":{"rendered":"http:\/\/extravina.cz\/?post_type=product&#038;p=2257"},"modified":"2021-03-25T09:33:58","modified_gmt":"2021-03-25T08:33:58","slug":"templar-rizlink-vlassky-0-75l-polosladke-6290kc-bez-dph","status":"publish","type":"product","link":"https:\/\/extravina.cz\/?product=templar-rizlink-vlassky-0-75l-polosladke-6290kc-bez-dph","title":{"rendered":"TEMPL\u00c1\u0158 Rizlink Vla\u0161sk\u00fd 0.75l polosladk\u00e9"},"content":{"rendered":"<p>TEMPL\u00c1\u0158 Rizlink Vla\u0161sk\u00fd 0.75l polosladk\u00e9<\/p>\n","protected":false},"excerpt":{"rendered":"<p>TEMPL\u00c1\u0158 Rizlink Vla\u0161sk\u00fd 0.75l polosladk\u00e9<\/p>\n","protected":false},"featured_media":2258,"template":"","meta":{"_et_pb_use_builder":"","_et_pb_old_content":"","_et_gb_content_width":""},"_links":{"self":[{"href":"https:\/\/extravina.cz\/index.php?rest_route=\/wp\/v2\/product\/2257"}],"collection":[{"href":"https:\/\/extravina.cz\/index.php?rest_route=\/wp\/v2\/product"}],"about":[{"href":"https:\/\/extravina.cz\/index.php?rest_route=\/wp\/v2\/types\/product"}],"wp:featuredmedia":[{"embeddable":true,"href":"https:\/\/extravina.cz\/index.php?rest_route=\/wp\/v2\/media\/2258"}],"wp:attachment":[{"href":"https:\/\/extravina.cz\/index.php?rest_route=%2Fwp%2Fv2%2Fmedia&parent=2257"}],"curies":[{"name":"wp","href":"https:\/\/api.w.org\/{rel}","templated":true}]}}