{"id":2276,"date":"2021-01-24T16:01:27","date_gmt":"2021-01-24T15:01:27","guid":{"rendered":"http:\/\/extravina.cz\/?post_type=product&#038;p=2276"},"modified":"2021-03-25T09:28:21","modified_gmt":"2021-03-25T08:28:21","slug":"templar-svatovavrinecke-rose-0-75l-suche-6290kc-bez-dph","status":"publish","type":"product","link":"https:\/\/extravina.cz\/?product=templar-svatovavrinecke-rose-0-75l-suche-6290kc-bez-dph","title":{"rendered":"TEMPL\u00c1\u0158 Svatovav\u0159ineck\u00e9 Ros\u00e9 0.75l such\u00e9"},"content":{"rendered":"<p>TEMPL\u00c1\u0158 Svatovav\u0159ineck\u00e9 Ros\u00e9 0.75l such\u00e9<\/p>\n","protected":false},"excerpt":{"rendered":"<p>TEMPL\u00c1\u0158 Svatovav\u0159ineck\u00e9 Ros\u00e9 0.75l such\u00e9<\/p>\n","protected":false},"featured_media":2277,"template":"","meta":{"_et_pb_use_builder":"","_et_pb_old_content":"","_et_gb_content_width":""},"_links":{"self":[{"href":"https:\/\/extravina.cz\/index.php?rest_route=\/wp\/v2\/product\/2276"}],"collection":[{"href":"https:\/\/extravina.cz\/index.php?rest_route=\/wp\/v2\/product"}],"about":[{"href":"https:\/\/extravina.cz\/index.php?rest_route=\/wp\/v2\/types\/product"}],"wp:featuredmedia":[{"embeddable":true,"href":"https:\/\/extravina.cz\/index.php?rest_route=\/wp\/v2\/media\/2277"}],"wp:attachment":[{"href":"https:\/\/extravina.cz\/index.php?rest_route=%2Fwp%2Fv2%2Fmedia&parent=2276"}],"curies":[{"name":"wp","href":"https:\/\/api.w.org\/{rel}","templated":true}]}}