{"id":2280,"date":"2021-01-24T16:06:46","date_gmt":"2021-01-24T15:06:46","guid":{"rendered":"http:\/\/extravina.cz\/?post_type=product&#038;p=2280"},"modified":"2021-03-25T09:27:43","modified_gmt":"2021-03-25T08:27:43","slug":"templar-rulandske-modre-0-75l-suche-6290kc-bez-dph","status":"publish","type":"product","link":"https:\/\/extravina.cz\/?product=templar-rulandske-modre-0-75l-suche-6290kc-bez-dph","title":{"rendered":"TEMPL\u00c1\u0158 Rulandsk\u00e9 Modr\u00e9 0.75l such\u00e9"},"content":{"rendered":"<p>TEMPL\u00c1\u0158 Rulandsk\u00e9 Modr\u00e9 0.75l such\u00e9<\/p>\n","protected":false},"excerpt":{"rendered":"<p>TEMPL\u00c1\u0158 Rulandsk\u00e9 Modr\u00e9 0.75l such\u00e9<\/p>\n","protected":false},"featured_media":2281,"template":"","meta":{"_et_pb_use_builder":"","_et_pb_old_content":"","_et_gb_content_width":""},"_links":{"self":[{"href":"https:\/\/extravina.cz\/index.php?rest_route=\/wp\/v2\/product\/2280"}],"collection":[{"href":"https:\/\/extravina.cz\/index.php?rest_route=\/wp\/v2\/product"}],"about":[{"href":"https:\/\/extravina.cz\/index.php?rest_route=\/wp\/v2\/types\/product"}],"wp:featuredmedia":[{"embeddable":true,"href":"https:\/\/extravina.cz\/index.php?rest_route=\/wp\/v2\/media\/2281"}],"wp:attachment":[{"href":"https:\/\/extravina.cz\/index.php?rest_route=%2Fwp%2Fv2%2Fmedia&parent=2280"}],"curies":[{"name":"wp","href":"https:\/\/api.w.org\/{rel}","templated":true}]}}