{"id":2284,"date":"2021-01-24T16:13:43","date_gmt":"2021-01-24T15:13:43","guid":{"rendered":"http:\/\/extravina.cz\/?post_type=product&#038;p=2284"},"modified":"2021-03-25T09:27:04","modified_gmt":"2021-03-25T08:27:04","slug":"templar-zweigeltrebe-rose-0-75l-polosuche-6290kc-bez-dph","status":"publish","type":"product","link":"https:\/\/extravina.cz\/?product=templar-zweigeltrebe-rose-0-75l-polosuche-6290kc-bez-dph","title":{"rendered":"TEMPL\u00c1\u0158 Zweigeltrebe Ros\u00e9 0.75l polosuch\u00e9"},"content":{"rendered":"<p>TEMPL\u00c1\u0158 Zweigeltrebe Ros\u00e9 0.75l polosuch\u00e9<\/p>\n","protected":false},"excerpt":{"rendered":"<p>TEMPL\u00c1\u0158 Zweigeltrebe Ros\u00e9 0.75l polosuch\u00e9<\/p>\n","protected":false},"featured_media":2285,"template":"","meta":{"_et_pb_use_builder":"","_et_pb_old_content":"","_et_gb_content_width":""},"_links":{"self":[{"href":"https:\/\/extravina.cz\/index.php?rest_route=\/wp\/v2\/product\/2284"}],"collection":[{"href":"https:\/\/extravina.cz\/index.php?rest_route=\/wp\/v2\/product"}],"about":[{"href":"https:\/\/extravina.cz\/index.php?rest_route=\/wp\/v2\/types\/product"}],"wp:featuredmedia":[{"embeddable":true,"href":"https:\/\/extravina.cz\/index.php?rest_route=\/wp\/v2\/media\/2285"}],"wp:attachment":[{"href":"https:\/\/extravina.cz\/index.php?rest_route=%2Fwp%2Fv2%2Fmedia&parent=2284"}],"curies":[{"name":"wp","href":"https:\/\/api.w.org\/{rel}","templated":true}]}}