{"id":2296,"date":"2021-01-24T16:30:17","date_gmt":"2021-01-24T15:30:17","guid":{"rendered":"http:\/\/extravina.cz\/?post_type=product&#038;p=2296"},"modified":"2021-03-25T09:24:06","modified_gmt":"2021-03-25T08:24:06","slug":"templar-hibernal-0-75l-polosladke-6290kc-bez-dph","status":"publish","type":"product","link":"https:\/\/extravina.cz\/?product=templar-hibernal-0-75l-polosladke-6290kc-bez-dph","title":{"rendered":"TEMPL\u00c1\u0158 Hibernal 0.75l polosladk\u00e9"},"content":{"rendered":"<p>TEMPL\u00c1\u0158 Hibernal 0.75l polosladk\u00e9<\/p>\n","protected":false},"excerpt":{"rendered":"<p>TEMPL\u00c1\u0158 Hibernal 0.75l polosladk\u00e9<\/p>\n","protected":false},"featured_media":2297,"template":"","meta":{"_et_pb_use_builder":"","_et_pb_old_content":"","_et_gb_content_width":""},"_links":{"self":[{"href":"https:\/\/extravina.cz\/index.php?rest_route=\/wp\/v2\/product\/2296"}],"collection":[{"href":"https:\/\/extravina.cz\/index.php?rest_route=\/wp\/v2\/product"}],"about":[{"href":"https:\/\/extravina.cz\/index.php?rest_route=\/wp\/v2\/types\/product"}],"wp:featuredmedia":[{"embeddable":true,"href":"https:\/\/extravina.cz\/index.php?rest_route=\/wp\/v2\/media\/2297"}],"wp:attachment":[{"href":"https:\/\/extravina.cz\/index.php?rest_route=%2Fwp%2Fv2%2Fmedia&parent=2296"}],"curies":[{"name":"wp","href":"https:\/\/api.w.org\/{rel}","templated":true}]}}