{"id":2448,"date":"2021-01-26T15:50:20","date_gmt":"2021-01-26T14:50:20","guid":{"rendered":"http:\/\/extravina.cz\/?post_type=product&#038;p=2448"},"modified":"2021-03-24T16:14:12","modified_gmt":"2021-03-24T15:14:12","slug":"cider-1-l-visne-6ks-23-90kc-bez-dph","status":"publish","type":"product","link":"https:\/\/extravina.cz\/?product=cider-1-l-visne-6ks-23-90kc-bez-dph","title":{"rendered":"CIDER 1.L  VI\u0160N\u011a   6KS"},"content":{"rendered":"<p>CIDER 1.L VI\u0160N\u011a 6KS<\/p>\n","protected":false},"excerpt":{"rendered":"<p>CIDER 1.L VI\u0160N\u011a 6KS<\/p>\n","protected":false},"featured_media":2449,"template":"","meta":{"_et_pb_use_builder":"","_et_pb_old_content":"","_et_gb_content_width":""},"_links":{"self":[{"href":"https:\/\/extravina.cz\/index.php?rest_route=\/wp\/v2\/product\/2448"}],"collection":[{"href":"https:\/\/extravina.cz\/index.php?rest_route=\/wp\/v2\/product"}],"about":[{"href":"https:\/\/extravina.cz\/index.php?rest_route=\/wp\/v2\/types\/product"}],"wp:featuredmedia":[{"embeddable":true,"href":"https:\/\/extravina.cz\/index.php?rest_route=\/wp\/v2\/media\/2449"}],"wp:attachment":[{"href":"https:\/\/extravina.cz\/index.php?rest_route=%2Fwp%2Fv2%2Fmedia&parent=2448"}],"curies":[{"name":"wp","href":"https:\/\/api.w.org\/{rel}","templated":true}]}}