{"id":2468,"date":"2021-01-27T17:29:27","date_gmt":"2021-01-27T16:29:27","guid":{"rendered":"http:\/\/extravina.cz\/?post_type=product&#038;p=2468"},"modified":"2021-03-24T16:09:30","modified_gmt":"2021-03-24T15:09:30","slug":"kralovsky-sekt-patriot-brut-0-75l-95kc-bez-dph","status":"publish","type":"product","link":"https:\/\/extravina.cz\/?product=kralovsky-sekt-patriot-brut-0-75l-95kc-bez-dph","title":{"rendered":"KR\u00c1LOVSK\u00dd SEKT PATRIOT BRUT  0.75L"},"content":{"rendered":"<p>KR\u00c1LOVSK\u00dd SEKT PATRIOT BRUT 0.75L<\/p>\n","protected":false},"excerpt":{"rendered":"<p>KR\u00c1LOVSK\u00dd SEKT PATRIOT BRUT 0.75L<\/p>\n","protected":false},"featured_media":2469,"template":"","meta":{"_et_pb_use_builder":"","_et_pb_old_content":"","_et_gb_content_width":""},"_links":{"self":[{"href":"https:\/\/extravina.cz\/index.php?rest_route=\/wp\/v2\/product\/2468"}],"collection":[{"href":"https:\/\/extravina.cz\/index.php?rest_route=\/wp\/v2\/product"}],"about":[{"href":"https:\/\/extravina.cz\/index.php?rest_route=\/wp\/v2\/types\/product"}],"wp:featuredmedia":[{"embeddable":true,"href":"https:\/\/extravina.cz\/index.php?rest_route=\/wp\/v2\/media\/2469"}],"wp:attachment":[{"href":"https:\/\/extravina.cz\/index.php?rest_route=%2Fwp%2Fv2%2Fmedia&parent=2468"}],"curies":[{"name":"wp","href":"https:\/\/api.w.org\/{rel}","templated":true}]}}