{"id":2726,"date":"2021-02-24T13:07:36","date_gmt":"2021-02-24T12:07:36","guid":{"rendered":"http:\/\/extravina.cz\/?post_type=product&#038;p=2726"},"modified":"2021-03-24T10:09:49","modified_gmt":"2021-03-24T09:09:49","slug":"wajda-orel-cervene-0-75l-26-50-kc-bez-dph","status":"publish","type":"product","link":"https:\/\/extravina.cz\/?product=wajda-orel-cervene-0-75l-26-50-kc-bez-dph","title":{"rendered":"WAJDA OREL \u010cERVEN\u00c9  0.75L"},"content":{"rendered":"<p>WAJDA OREL \u010cERVEN\u00c9 0.75L<\/p>\n","protected":false},"excerpt":{"rendered":"<p>WAJDA OREL \u010cERVEN\u00c9 0.75L<\/p>\n","protected":false},"featured_media":2727,"template":"","meta":{"_et_pb_use_builder":"","_et_pb_old_content":"","_et_gb_content_width":""},"_links":{"self":[{"href":"https:\/\/extravina.cz\/index.php?rest_route=\/wp\/v2\/product\/2726"}],"collection":[{"href":"https:\/\/extravina.cz\/index.php?rest_route=\/wp\/v2\/product"}],"about":[{"href":"https:\/\/extravina.cz\/index.php?rest_route=\/wp\/v2\/types\/product"}],"wp:featuredmedia":[{"embeddable":true,"href":"https:\/\/extravina.cz\/index.php?rest_route=\/wp\/v2\/media\/2727"}],"wp:attachment":[{"href":"https:\/\/extravina.cz\/index.php?rest_route=%2Fwp%2Fv2%2Fmedia&parent=2726"}],"curies":[{"name":"wp","href":"https:\/\/api.w.org\/{rel}","templated":true}]}}